{"id":11903,"date":"2020-11-15T12:49:25","date_gmt":"2020-11-15T17:49:25","guid":{"rendered":"https:\/\/www.boulangerieamaretti.com\/deli-charcuterie\/"},"modified":"2022-11-22T15:02:17","modified_gmt":"2022-11-22T20:02:17","slug":"charcuterie","status":"publish","type":"page","link":"https:\/\/www.boulangerieamaretti.com\/fr\/charcuterie\/","title":{"rendered":"Charcuterie"},"content":{"rendered":"<div class=\"wpb-content-wrapper\"><p>[vc_row disable_element=&#8221;yes&#8221;][vc_column]<div class=\"edgtf-elements-holder edgtf-one-column edgtf-responsive-mode-768\" ><div class=\"edgtf-eh-item edgtf-horizontal-alignment-center\"  data-item-class=\"edgtf-eh-custom-641491\" data-1280-1600=\"90px 30% 42px 30%\" data-1024-1280=\"90px 26% 42px 26%\" data-768-1024=\"90px 20% 42px 20%\" data-600-768=\"90px 12% 42px 12%\" data-480-600=\"90px 4% 42px 4%\" data-480=\"90px 4% 42px 4%\">\n\t<div class=\"edgtf-eh-item-inner\">\n\t\t<div class=\"edgtf-eh-item-content edgtf-eh-custom-641491\" style=\"padding: 90px 35% 42px 35%\">\n\t\t\t<div class=\"edgtf-section-title-holder\" >\n\t\t\t\t\t<h2 class=\"edgtf-st-title\" style=\"color: #303030;font-weight: 600;letter-spacing: 4px\">\n\t\t\t<span>KEEP THE RYE BALANCE<\/span>\n\t\t<\/h2>\n\t\t\t\t<p class=\"edgtf-st-text\" style=\"color: #666666;font-size: 16px;line-height: 30px;font-weight: 300;margin-top: 22px\">Lorem ipsum dolor sit amet, consectetuer adipiscing elit, sed diam nonummy tincidunt ut laoreet dolore magna aliquam erat volutpat.<\/p>\n\t<\/div>\t\t<\/div>\n\t<\/div>\n<\/div><\/div>[vc_row_inner row_content_width=&#8221;grid&#8221; content_text_aligment=&#8221;center&#8221;][vc_column_inner width=&#8221;1\/2&#8243; css=&#8221;.vc_custom_1489159283161{padding-right: 5% !important;padding-left: 5% !important;}&#8221; offset=&#8221;vc_col-lg-3 vc_col-md-6 vc_col-xs-12&#8243;]<div class=\"edgtf-image-with-text-holder edgtf-image-behavior- \">\n\t<div class=\"edgtf-iwt-image\">\n\t\t<div class=\"edgtf-iwt-image-wrapper\">\n\t\t\t\t\t\t\t\t\t\t\t\t\t\t<img loading=\"lazy\" decoding=\"async\" width=\"283\" height=\"229\" src=\"https:\/\/www.boulangerieamaretti.com\/wp-content\/uploads\/2017\/02\/h5-img-8c.png\" class=\"attachment-full size-full\" alt=\"m\" \/>\t\t\t\t\t\t\t\t\t\t\t\t<\/div>\n\t<\/div>\n\t<div class=\"edgtf-iwt-text-holder\">\n\t\t\t\t<h5 class=\"edgtf-iwt-title\" style=\"color: #303030\">KAISER ROLL<\/h5>\n\t\t\t\t<p class=\"edgtf-iwt-text\" style=\"color: #666666;margin-top: 22px\">Our Kaiser Roll topped with cheese, garlic butter and freshly chopped herbs. Baked in a paper tray for easy reheating<\/p>\n\t<\/div>\n<\/div>[vc_empty_space height=&#8221;96px&#8221;][\/vc_column_inner][vc_column_inner width=&#8221;1\/2&#8243; css=&#8221;.vc_custom_1489159292145{padding-right: 5% !important;padding-left: 5% !important;}&#8221; offset=&#8221;vc_col-lg-3 vc_col-md-6 vc_col-xs-12&#8243;]<div class=\"edgtf-image-with-text-holder edgtf-image-behavior- \">\n\t<div class=\"edgtf-iwt-image\">\n\t\t<div class=\"edgtf-iwt-image-wrapper\">\n\t\t\t\t\t\t\t\t\t\t\t\t\t\t<img loading=\"lazy\" decoding=\"async\" width=\"283\" height=\"229\" src=\"https:\/\/www.boulangerieamaretti.com\/wp-content\/uploads\/2017\/02\/h5-img-2c.png\" class=\"attachment-full size-full\" alt=\"m\" \/>\t\t\t\t\t\t\t\t\t\t\t\t<\/div>\n\t<\/div>\n\t<div class=\"edgtf-iwt-text-holder\">\n\t\t\t\t<h5 class=\"edgtf-iwt-title\" style=\"color: #303030\">APRICOT NUT<\/h5>\n\t\t\t\t<p class=\"edgtf-iwt-text\" style=\"color: #666666;margin-top: 22px\">A light, sour wheat dough with roasted walnuts and freshly picked rosemary, thyme, poppy seeds, parsley and sage<\/p>\n\t<\/div>\n<\/div>[vc_empty_space height=&#8221;96px&#8221;][\/vc_column_inner][vc_column_inner width=&#8221;1\/2&#8243; css=&#8221;.vc_custom_1489159300323{padding-right: 5% !important;padding-left: 5% !important;}&#8221; offset=&#8221;vc_col-lg-3 vc_col-md-6 vc_col-xs-12&#8243;]<div class=\"edgtf-image-with-text-holder edgtf-image-behavior- \">\n\t<div class=\"edgtf-iwt-image\">\n\t\t<div class=\"edgtf-iwt-image-wrapper\">\n\t\t\t\t\t\t\t\t\t\t\t\t\t\t<img loading=\"lazy\" decoding=\"async\" width=\"283\" height=\"229\" src=\"https:\/\/www.boulangerieamaretti.com\/wp-content\/uploads\/2017\/02\/h5-img-4c.png\" class=\"attachment-full size-full\" alt=\"m\" \/>\t\t\t\t\t\t\t\t\t\t\t\t<\/div>\n\t<\/div>\n\t<div class=\"edgtf-iwt-text-holder\">\n\t\t\t\t<h5 class=\"edgtf-iwt-title\" style=\"color: #303030\">ONION BIALY<\/h5>\n\t\t\t\t<p class=\"edgtf-iwt-text\" style=\"color: #666666;margin-top: 22px\">Soft pretzel-like dough twisted into a tie with roasted onions and poppy seeds. Great with butter and morning coffee<\/p>\n\t<\/div>\n<\/div>[vc_empty_space height=&#8221;96px&#8221;][\/vc_column_inner][vc_column_inner width=&#8221;1\/2&#8243; css=&#8221;.vc_custom_1489159307704{padding-right: 5% !important;padding-left: 5% !important;}&#8221; offset=&#8221;vc_col-lg-3 vc_col-md-6 vc_col-xs-12&#8243;]<div class=\"edgtf-image-with-text-holder edgtf-image-behavior- \">\n\t<div class=\"edgtf-iwt-image\">\n\t\t<div class=\"edgtf-iwt-image-wrapper\">\n\t\t\t\t\t\t\t\t\t\t\t\t\t\t<img loading=\"lazy\" decoding=\"async\" width=\"283\" height=\"229\" src=\"https:\/\/www.boulangerieamaretti.com\/wp-content\/uploads\/2017\/02\/h5-img-5c.png\" class=\"attachment-full size-full\" alt=\"m\" \/>\t\t\t\t\t\t\t\t\t\t\t\t<\/div>\n\t<\/div>\n\t<div class=\"edgtf-iwt-text-holder\">\n\t\t\t\t<h5 class=\"edgtf-iwt-title\" style=\"color: #303030\">CIABATTA<\/h5>\n\t\t\t\t<p class=\"edgtf-iwt-text\" style=\"color: #666666;margin-top: 22px\">Our traditional, moist Italian \u201cslipper bread.\u201d The thin crust makes it perfect for sandwiches or spreads. Super tasty<\/p>\n\t<\/div>\n<\/div>[vc_empty_space height=&#8221;96px&#8221;][\/vc_column_inner][\/vc_row_inner][\/vc_column][\/vc_row][vc_row row_content_width=&#8221;grid&#8221;][vc_column]<div class=\"edgtf-elements-holder edgtf-two-columns edgtf-responsive-mode-1024\" ><div class=\"edgtf-eh-item \"  data-item-class=\"edgtf-eh-custom-845464\" data-1280-1600=\"56px 4% 166px 13%\" data-1024-1280=\"79px 11% 135px 2%\" data-768-1024=\"56px 25% 51px 0%\" data-600-768=\"56px 7% 51px 0%\" data-480-600=\"56px 0% 83px 0%\" data-480=\"56px 0% 83px 0%\">\n\t<div class=\"edgtf-eh-item-inner\">\n\t\t<div class=\"edgtf-eh-item-content edgtf-eh-custom-845464\" style=\"padding: 56px 12% 166px 0%\">\n\t\t\t[vc_empty_space height=&#8221;130px&#8221;]<div class=\"edgtf-section-title-holder\" >\n\t\t\t\t\t<h3 class=\"edgtf-st-title\" style=\"font-size: 30px;color: #303030;font-weight: 600;letter-spacing: 4px\">\n\t\t\t<span>Garantie de fra\u00eecheur<\/span>\n\t\t<\/h3>\n\t\t\t\t<p class=\"edgtf-st-text\" style=\"color: #666666;font-size: 16px;line-height: 30px;font-weight: 300;margin-top: 22px\">Amaretti vous propose une vari\u00e9t\u00e9 de charcuteries, dont un prosciutto de Parme raffin\u00e9 provenant d\u2019Italie. Vous trouverez \u00e9galement divers types de fromages, d\u2019olives et de l\u00e9gumes marin\u00e9s pour accompagner notre assortiment de charcuteries.<\/p>\n\t<\/div>[vc_empty_space height=&#8221;20px&#8221;][vc_column_text]<\/p>\n<p class=\"p1\">D\u00e9couvrez nos sauces maison ainsi qu\u2019une s\u00e9lection d\u2019\u00e9picerie, de cr\u00e8me glac\u00e9e import\u00e9e et d\u2019huiles d\u2019olive d\u2019Italie.<\/p>\n<p>[\/vc_column_text][vc_empty_space height=&#8221;40px&#8221;]\t\t<\/div>\n\t<\/div>\n<\/div><div class=\"edgtf-eh-item edgtf-horizontal-alignment-center\"  data-item-class=\"edgtf-eh-custom-692817\" data-1024-1280=\"59px 0 104px 0\" data-768-1024=\"51px 0 104px 0%\">\n\t<div class=\"edgtf-eh-item-inner\">\n\t\t<div class=\"edgtf-eh-item-content edgtf-eh-custom-692817\" style=\"padding: 49px 0 91px 0\">\n\t\t\t<div class=\"edgtf-image-gallery edgtf-ig-grid-type \">\n\t<div class=\"edgtf-ig-inner edgtf-ig-grid edgtf-ig-three-columns edgtf-ig-tiny-space\">\n\t\t\t\t\t<div class=\"edgtf-ig-image\">\n\t\t\t\t<div class=\"edgtf-ig-image-inner\">\n\t\t\t\t\t\t\t\t\t\t\t<img loading=\"lazy\" decoding=\"async\" src=\"https:\/\/www.boulangerieamaretti.com\/wp-content\/uploads\/2020\/11\/patisserie-boulangerie-amaretti-montreal-pastry-shop-cakes-catering-deli-charcuterie-cheese-board-194x189.jpg\" alt=\"\" width=\"194\" height=\"189\" \/>\t\t\t\t\t\t\t\t\t<\/div>\n\t\t\t<\/div>\n\t\t\t\t\t<div class=\"edgtf-ig-image\">\n\t\t\t\t<div class=\"edgtf-ig-image-inner\">\n\t\t\t\t\t\t\t\t\t\t\t<img loading=\"lazy\" decoding=\"async\" src=\"https:\/\/www.boulangerieamaretti.com\/wp-content\/uploads\/2020\/11\/patisserie-boulangerie-amaretti-montreal-pastry-shop-cakes-catering-deli-charcuterie-olives-oil-2-194x189.jpg\" alt=\"\" width=\"194\" height=\"189\" \/>\t\t\t\t\t\t\t\t\t<\/div>\n\t\t\t<\/div>\n\t\t\t\t\t<div class=\"edgtf-ig-image\">\n\t\t\t\t<div class=\"edgtf-ig-image-inner\">\n\t\t\t\t\t\t\t\t\t\t\t<img loading=\"lazy\" decoding=\"async\" src=\"https:\/\/www.boulangerieamaretti.com\/wp-content\/uploads\/2020\/11\/Amaretti_Photos-36_low-res-194x189.jpg\" alt=\"\" width=\"194\" height=\"189\" \/>\t\t\t\t\t\t\t\t\t<\/div>\n\t\t\t<\/div>\n\t\t\t\t\t<div class=\"edgtf-ig-image\">\n\t\t\t\t<div class=\"edgtf-ig-image-inner\">\n\t\t\t\t\t\t\t\t\t\t\t<img loading=\"lazy\" decoding=\"async\" src=\"https:\/\/www.boulangerieamaretti.com\/wp-content\/uploads\/2020\/11\/patisserie-boulangerie-amaretti-montreal-pastry-shop-cakes-catering-deli-charcuterie-italian-tomato-sauce-194x189.jpg\" alt=\"\" width=\"194\" height=\"189\" \/>\t\t\t\t\t\t\t\t\t<\/div>\n\t\t\t<\/div>\n\t\t\t\t\t<div class=\"edgtf-ig-image\">\n\t\t\t\t<div class=\"edgtf-ig-image-inner\">\n\t\t\t\t\t\t\t\t\t\t\t<img loading=\"lazy\" decoding=\"async\" src=\"https:\/\/www.boulangerieamaretti.com\/wp-content\/uploads\/2020\/11\/Amaretti_Photos-57_low-res-194x189.jpg\" alt=\"\" width=\"194\" height=\"189\" \/>\t\t\t\t\t\t\t\t\t<\/div>\n\t\t\t<\/div>\n\t\t\t\t\t<div class=\"edgtf-ig-image\">\n\t\t\t\t<div class=\"edgtf-ig-image-inner\">\n\t\t\t\t\t\t\t\t\t\t\t<img loading=\"lazy\" decoding=\"async\" src=\"https:\/\/www.boulangerieamaretti.com\/wp-content\/uploads\/2020\/11\/Amaretti_Photos-32_low-res-194x189.jpg\" alt=\"\" width=\"194\" height=\"189\" \/>\t\t\t\t\t\t\t\t\t<\/div>\n\t\t\t<\/div>\n\t\t\t<\/div>\n<\/div>\t\t<\/div>\n\t<\/div>\n<\/div><\/div>[\/vc_column][\/vc_row][vc_row content_text_aligment=&#8221;center&#8221; css=&#8221;.vc_custom_1489064352225{padding-bottom: 50px !important;}&#8221;][vc_column]<div class=\"edgtf-parallax-holder edgtf-vertical-middle-align edgtf-disabled-parallax-on-touch\" data-parallax-speed=\"1\" style=\"background-image: url(https:\/\/www.boulangerieamaretti.com\/wp-content\/uploads\/2020\/11\/patisserie-boulangerie-amaretti-montreal-pastry-shop-cakes-catering-deli-charcuterie-traiteur-pizza.jpg);min-height: 400px;height: 400px\">\n\t<div class=\"edgtf-parallax-inner\">\n\t\t<div class=\"edgtf-elements-holder edgtf-one-column edgtf-responsive-mode-768\" ><div class=\"edgtf-eh-item edgtf-horizontal-alignment-center\"  data-item-class=\"edgtf-eh-custom-738223\" data-1280-1600=\"109px 31% 86px 31%\" data-1024-1280=\"109px 28% 86px 28%\" data-768-1024=\"109px 24% 86px 24%\" data-600-768=\"109px 15% 86px 15%\" data-480-600=\"109px 5% 86px 5%\" data-480=\"109px 5% 86px 5%\">\n\t<div class=\"edgtf-eh-item-inner\">\n\t\t<div class=\"edgtf-eh-item-content edgtf-eh-custom-738223\" style=\"padding: 109px 36% 86px 36%\">\n\t\t\t<div class=\"edgtf-section-title-holder\" >\n\t\t\t\t\t<h2 class=\"edgtf-st-title\" style=\"color: #ffffff;font-weight: 600;letter-spacing: 10px\">\n\t\t\t<span>Pizza &amp; Focaccia<\/span>\n\t\t<\/h2>\n\t\t\t\t<p class=\"edgtf-st-text\" style=\"color: #ffffff;font-size: 16px;line-height: 30px;font-weight: 300;margin-top: 22px\">Consultez la section Traiteur pour une liste de nos d\u00e9licieux mets.<\/p>\n\t<\/div>[vc_empty_space]<a itemprop=\"url\" href=\"https:\/\/www.boulangerieamaretti.com\/wp-content\/uploads\/2022\/11\/Amaretti-Catering-Menu-French-2022.pdf\" target=\"_self\" style=\"color: #333333;background-color: #ffffff;margin: 0 0 0 0\" class=\"edgtf-btn edgtf-btn-medium edgtf-btn-solid\"  >\n    <span class=\"edgtf-btn-text\">Menu Traiteur<\/span>\n    <\/a>\t\t<\/div>\n\t<\/div>\n<\/div><\/div>[vc_empty_space]\t<\/div>\n<\/div>\n[\/vc_column][\/vc_row]<\/p>\n<\/div>","protected":false},"excerpt":{"rendered":"<p>[vc_row disable_element=&#8221;yes&#8221;][vc_column][vc_row_inner row_content_width=&#8221;grid&#8221; content_text_aligment=&#8221;center&#8221;][vc_column_inner width=&#8221;1\/2&#8243; css=&#8221;.vc_custom_1489159283161{padding-right: 5% !important;padding-left: 5% !important;}&#8221; offset=&#8221;vc_col-lg-3 vc_col-md-6 vc_col-xs-12&#8243;][vc_empty_space height=&#8221;96px&#8221;][\/vc_column_inner][vc_column_inner width=&#8221;1\/2&#8243; css=&#8221;.vc_custom_1489159292145{padding-right: 5% !important;padding-left: 5% !important;}&#8221; offset=&#8221;vc_col-lg-3 vc_col-md-6 vc_col-xs-12&#8243;][vc_empty_space height=&#8221;96px&#8221;][\/vc_column_inner][vc_column_inner width=&#8221;1\/2&#8243; css=&#8221;.vc_custom_1489159300323{padding-right: 5% !important;padding-left: 5% !important;}&#8221; offset=&#8221;vc_col-lg-3 vc_col-md-6 vc_col-xs-12&#8243;][vc_empty_space height=&#8221;96px&#8221;][\/vc_column_inner][vc_column_inner width=&#8221;1\/2&#8243; css=&#8221;.vc_custom_1489159307704{padding-right: 5% !important;padding-left: 5% !important;}&#8221; [&hellip;]<\/p>\n","protected":false},"author":1,"featured_media":0,"parent":0,"menu_order":0,"comment_status":"closed","ping_status":"closed","template":"full-width.php","meta":{"om_disable_all_campaigns":false,"pagelayer_contact_templates":[],"_pagelayer_content":"","_monsterinsights_skip_tracking":false,"_monsterinsights_sitenote_active":false,"_monsterinsights_sitenote_note":"","_monsterinsights_sitenote_category":0,"footnotes":""},"class_list":["post-11903","page","type-page","status-publish","hentry"],"yoast_head":"<!-- This site is optimized with the Yoast SEO plugin v27.4 - https:\/\/yoast.com\/product\/yoast-seo-wordpress\/ -->\n<title>Charcuterie - Amaretti Boulangerie &amp; Patisserie<\/title>\n<meta name=\"robots\" content=\"index, follow, max-snippet:-1, max-image-preview:large, max-video-preview:-1\" \/>\n<link rel=\"canonical\" href=\"https:\/\/www.boulangerieamaretti.com\/fr\/charcuterie\/\" \/>\n<meta property=\"og:locale\" content=\"fr_FR\" \/>\n<meta property=\"og:type\" content=\"article\" \/>\n<meta property=\"og:title\" content=\"Charcuterie - Amaretti Boulangerie &amp; Patisserie\" \/>\n<meta property=\"og:description\" content=\"[vc_row disable_element=&#8221;yes&#8221;][vc_column][vc_row_inner row_content_width=&#8221;grid&#8221; content_text_aligment=&#8221;center&#8221;][vc_column_inner width=&#8221;1\/2&#8243; css=&#8221;.vc_custom_1489159283161{padding-right: 5% !important;padding-left: 5% !important;}&#8221; offset=&#8221;vc_col-lg-3 vc_col-md-6 vc_col-xs-12&#8243;][vc_empty_space height=&#8221;96px&#8221;][\/vc_column_inner][vc_column_inner width=&#8221;1\/2&#8243; css=&#8221;.vc_custom_1489159292145{padding-right: 5% !important;padding-left: 5% !important;}&#8221; offset=&#8221;vc_col-lg-3 vc_col-md-6 vc_col-xs-12&#8243;][vc_empty_space height=&#8221;96px&#8221;][\/vc_column_inner][vc_column_inner width=&#8221;1\/2&#8243; css=&#8221;.vc_custom_1489159300323{padding-right: 5% !important;padding-left: 5% !important;}&#8221; offset=&#8221;vc_col-lg-3 vc_col-md-6 vc_col-xs-12&#8243;][vc_empty_space height=&#8221;96px&#8221;][\/vc_column_inner][vc_column_inner width=&#8221;1\/2&#8243; css=&#8221;.vc_custom_1489159307704{padding-right: 5% !important;padding-left: 5% !important;}&#8221; [&hellip;]\" \/>\n<meta property=\"og:url\" content=\"https:\/\/www.boulangerieamaretti.com\/fr\/charcuterie\/\" \/>\n<meta property=\"og:site_name\" content=\"Amaretti Boulangerie &amp; Patisserie\" \/>\n<meta property=\"article:modified_time\" content=\"2022-11-22T20:02:17+00:00\" \/>\n<meta name=\"twitter:card\" content=\"summary_large_image\" \/>\n<meta name=\"twitter:label1\" content=\"Est. reading time\" \/>\n\t<meta name=\"twitter:data1\" content=\"2 minutes\" \/>\n<script type=\"application\/ld+json\" class=\"yoast-schema-graph\">{\"@context\":\"https:\\\/\\\/schema.org\",\"@graph\":[{\"@type\":\"WebPage\",\"@id\":\"https:\\\/\\\/www.boulangerieamaretti.com\\\/fr\\\/charcuterie\\\/\",\"url\":\"https:\\\/\\\/www.boulangerieamaretti.com\\\/fr\\\/charcuterie\\\/\",\"name\":\"Charcuterie - Amaretti Boulangerie &amp; Patisserie\",\"isPartOf\":{\"@id\":\"https:\\\/\\\/www.boulangerieamaretti.com\\\/fr\\\/#website\"},\"datePublished\":\"2020-11-15T17:49:25+00:00\",\"dateModified\":\"2022-11-22T20:02:17+00:00\",\"breadcrumb\":{\"@id\":\"https:\\\/\\\/www.boulangerieamaretti.com\\\/fr\\\/charcuterie\\\/#breadcrumb\"},\"inLanguage\":\"fr-FR\",\"potentialAction\":[{\"@type\":\"ReadAction\",\"target\":[\"https:\\\/\\\/www.boulangerieamaretti.com\\\/fr\\\/charcuterie\\\/\"]}]},{\"@type\":\"BreadcrumbList\",\"@id\":\"https:\\\/\\\/www.boulangerieamaretti.com\\\/fr\\\/charcuterie\\\/#breadcrumb\",\"itemListElement\":[{\"@type\":\"ListItem\",\"position\":1,\"name\":\"Home\",\"item\":\"https:\\\/\\\/www.boulangerieamaretti.com\\\/fr\\\/\"},{\"@type\":\"ListItem\",\"position\":2,\"name\":\"Charcuterie\"}]},{\"@type\":\"WebSite\",\"@id\":\"https:\\\/\\\/www.boulangerieamaretti.com\\\/fr\\\/#website\",\"url\":\"https:\\\/\\\/www.boulangerieamaretti.com\\\/fr\\\/\",\"name\":\"Amaretti Boulangerie &amp; Patisserie\",\"description\":\"Amaretti Boulangerie &amp; Patisserie | Montreal Pastries | Desserts | Cakes | Catering | Charcuterie\",\"potentialAction\":[{\"@type\":\"SearchAction\",\"target\":{\"@type\":\"EntryPoint\",\"urlTemplate\":\"https:\\\/\\\/www.boulangerieamaretti.com\\\/fr\\\/?s={search_term_string}\"},\"query-input\":{\"@type\":\"PropertyValueSpecification\",\"valueRequired\":true,\"valueName\":\"search_term_string\"}}],\"inLanguage\":\"fr-FR\"}]}<\/script>\n<!-- \/ Yoast SEO plugin. -->","yoast_head_json":{"title":"Charcuterie - Amaretti Boulangerie &amp; Patisserie","robots":{"index":"index","follow":"follow","max-snippet":"max-snippet:-1","max-image-preview":"max-image-preview:large","max-video-preview":"max-video-preview:-1"},"canonical":"https:\/\/www.boulangerieamaretti.com\/fr\/charcuterie\/","og_locale":"fr_FR","og_type":"article","og_title":"Charcuterie - Amaretti Boulangerie &amp; Patisserie","og_description":"[vc_row disable_element=&#8221;yes&#8221;][vc_column][vc_row_inner row_content_width=&#8221;grid&#8221; content_text_aligment=&#8221;center&#8221;][vc_column_inner width=&#8221;1\/2&#8243; css=&#8221;.vc_custom_1489159283161{padding-right: 5% !important;padding-left: 5% !important;}&#8221; offset=&#8221;vc_col-lg-3 vc_col-md-6 vc_col-xs-12&#8243;][vc_empty_space height=&#8221;96px&#8221;][\/vc_column_inner][vc_column_inner width=&#8221;1\/2&#8243; css=&#8221;.vc_custom_1489159292145{padding-right: 5% !important;padding-left: 5% !important;}&#8221; offset=&#8221;vc_col-lg-3 vc_col-md-6 vc_col-xs-12&#8243;][vc_empty_space height=&#8221;96px&#8221;][\/vc_column_inner][vc_column_inner width=&#8221;1\/2&#8243; css=&#8221;.vc_custom_1489159300323{padding-right: 5% !important;padding-left: 5% !important;}&#8221; offset=&#8221;vc_col-lg-3 vc_col-md-6 vc_col-xs-12&#8243;][vc_empty_space height=&#8221;96px&#8221;][\/vc_column_inner][vc_column_inner width=&#8221;1\/2&#8243; css=&#8221;.vc_custom_1489159307704{padding-right: 5% !important;padding-left: 5% !important;}&#8221; [&hellip;]","og_url":"https:\/\/www.boulangerieamaretti.com\/fr\/charcuterie\/","og_site_name":"Amaretti Boulangerie &amp; Patisserie","article_modified_time":"2022-11-22T20:02:17+00:00","twitter_card":"summary_large_image","twitter_misc":{"Est. reading time":"2 minutes"},"schema":{"@context":"https:\/\/schema.org","@graph":[{"@type":"WebPage","@id":"https:\/\/www.boulangerieamaretti.com\/fr\/charcuterie\/","url":"https:\/\/www.boulangerieamaretti.com\/fr\/charcuterie\/","name":"Charcuterie - Amaretti Boulangerie &amp; Patisserie","isPartOf":{"@id":"https:\/\/www.boulangerieamaretti.com\/fr\/#website"},"datePublished":"2020-11-15T17:49:25+00:00","dateModified":"2022-11-22T20:02:17+00:00","breadcrumb":{"@id":"https:\/\/www.boulangerieamaretti.com\/fr\/charcuterie\/#breadcrumb"},"inLanguage":"fr-FR","potentialAction":[{"@type":"ReadAction","target":["https:\/\/www.boulangerieamaretti.com\/fr\/charcuterie\/"]}]},{"@type":"BreadcrumbList","@id":"https:\/\/www.boulangerieamaretti.com\/fr\/charcuterie\/#breadcrumb","itemListElement":[{"@type":"ListItem","position":1,"name":"Home","item":"https:\/\/www.boulangerieamaretti.com\/fr\/"},{"@type":"ListItem","position":2,"name":"Charcuterie"}]},{"@type":"WebSite","@id":"https:\/\/www.boulangerieamaretti.com\/fr\/#website","url":"https:\/\/www.boulangerieamaretti.com\/fr\/","name":"Amaretti Boulangerie &amp; Patisserie","description":"Amaretti Boulangerie &amp; Patisserie | Montreal Pastries | Desserts | Cakes | Catering | Charcuterie","potentialAction":[{"@type":"SearchAction","target":{"@type":"EntryPoint","urlTemplate":"https:\/\/www.boulangerieamaretti.com\/fr\/?s={search_term_string}"},"query-input":{"@type":"PropertyValueSpecification","valueRequired":true,"valueName":"search_term_string"}}],"inLanguage":"fr-FR"}]}},"_links":{"self":[{"href":"https:\/\/www.boulangerieamaretti.com\/fr\/wp-json\/wp\/v2\/pages\/11903","targetHints":{"allow":["GET"]}}],"collection":[{"href":"https:\/\/www.boulangerieamaretti.com\/fr\/wp-json\/wp\/v2\/pages"}],"about":[{"href":"https:\/\/www.boulangerieamaretti.com\/fr\/wp-json\/wp\/v2\/types\/page"}],"author":[{"embeddable":true,"href":"https:\/\/www.boulangerieamaretti.com\/fr\/wp-json\/wp\/v2\/users\/1"}],"replies":[{"embeddable":true,"href":"https:\/\/www.boulangerieamaretti.com\/fr\/wp-json\/wp\/v2\/comments?post=11903"}],"version-history":[{"count":5,"href":"https:\/\/www.boulangerieamaretti.com\/fr\/wp-json\/wp\/v2\/pages\/11903\/revisions"}],"predecessor-version":[{"id":12221,"href":"https:\/\/www.boulangerieamaretti.com\/fr\/wp-json\/wp\/v2\/pages\/11903\/revisions\/12221"}],"wp:attachment":[{"href":"https:\/\/www.boulangerieamaretti.com\/fr\/wp-json\/wp\/v2\/media?parent=11903"}],"curies":[{"name":"wp","href":"https:\/\/api.w.org\/{rel}","templated":true}]}}