{"id":11853,"date":"2020-11-15T12:47:05","date_gmt":"2020-11-15T17:47:05","guid":{"rendered":"https:\/\/www.boulangerieamaretti.com\/a-propos\/"},"modified":"2020-11-16T12:42:38","modified_gmt":"2020-11-16T17:42:38","slug":"a-propos","status":"publish","type":"page","link":"https:\/\/www.boulangerieamaretti.com\/fr\/a-propos\/","title":{"rendered":"\u00c0 propos"},"content":{"rendered":"<div class=\"wpb-content-wrapper\"><p>[vc_row css=&#8221;.vc_custom_1488536699571{padding-top: 70px !important;padding-bottom: 6px !important;}&#8221;][vc_column][vc_row_inner row_content_width=&#8221;grid&#8221;][vc_column_inner offset=&#8221;vc_col-lg-6 vc_col-md-12&#8243;]<div class=\"edgtf-elements-holder edgtf-one-column edgtf-responsive-mode-768\" ><div class=\"edgtf-eh-item \"  data-item-class=\"edgtf-eh-custom-349982\" data-1024-1280=\"34px 8% 50px 0%\" data-768-1024=\"0 25% 74px 0%\" data-600-768=\"0 12% 74px 0%\" data-480-600=\"1px 0% 72px 0%\" data-480=\"1px 0% 72px 0%\">\n\t<div class=\"edgtf-eh-item-inner\">\n\t\t<div class=\"edgtf-eh-item-content edgtf-eh-custom-349982\" style=\"padding: 34px 10% 50px 0%\">\n\t\t\t<div class=\"edgtf-section-title-holder\" style=\"text-align: left\">\n\t\t\t\t\t<h3 class=\"edgtf-st-title\" style=\"color: #303030;font-weight: 500;letter-spacing: 3px\">\n\t\t\t<span>La passion au c\u0153ur des traditions<\/span>\n\t\t<\/h3>\n\t\t\t\t<p class=\"edgtf-st-text\" style=\"font-size: 16px;line-height: 30px;font-weight: 300;margin-top: 22px\">Situ\u00e9 au c\u0153ur de Rivi\u00e8re-des-Prairies, P\u00e2tisserie Amaretti est l\u2019endroit par excellence pour tout ce qui est frais et d\u00e9licieux.<\/p>\n\t<\/div>[vc_empty_space height=&#8221;19px&#8221;][vc_column_text]<\/p>\n<p class=\"p1\">Chez Amaretti, nous sommes d\u2019avis que la bonne cuisine peut faire \u00e9voluer une culture. Ainsi, depuis les 20\u00a0derni\u00e8res ann\u00e9es, notre fiert\u00e9 repose sur nos produits de boulangerie et nous continuons \u00e0 offrir des p\u00e2tisseries et des plats chauds app\u00e9tissants, de haute qualit\u00e9 et dont la fra\u00eecheur est garantie.<\/p>\n<p class=\"p2\">Ce qui distingue notre boulangerie italienne de toute autre boulangerie, ce sont les traditions qui inspirent chacun des d\u00e9licieux plats que nous pr\u00e9parons, tout en partageant avec notre client\u00e8le plusieurs des recettes parmi les plus app\u00e9tissantes de la cuisine italienne traditionnelle. Aujourd\u2019hui, c\u2019est gr\u00e2ce \u00e0 l\u2019aide de mes deux fils et de mon beau-fr\u00e8re que nous sommes pr\u00eats \u00e0 ce qu\u2019Amaretti franchisse une nouvelle \u00e9tape.<\/p>\n<p>[\/vc_column_text][vc_empty_space height=&#8221;31px&#8221;]\t\t<\/div>\n\t<\/div>\n<\/div><\/div>[\/vc_column_inner][vc_column_inner offset=&#8221;vc_col-lg-6 vc_col-md-12 vc_col-xs-12&#8243;]<div class=\"edgtf-elements-holder edgtf-one-column edgtf-responsive-mode-768\" ><div class=\"edgtf-eh-item edgtf-horizontal-alignment-center\"  data-item-class=\"edgtf-eh-custom-195805\" data-768-1024=\"51px 0 74px 0\" data-480-600=\"51px 0 75px 0\" data-480=\"51px 0 75px 0\">\n\t<div class=\"edgtf-eh-item-inner\">\n\t\t<div class=\"edgtf-eh-item-content edgtf-eh-custom-195805\" style=\"padding: 44px 0 25px 0\">\n\t\t\t[vc_single_image image=&#8221;12012&#8243; img_size=&#8221;full&#8221; onclick=&#8221;custom_link&#8221; link=&#8221;#&#8221;]\t\t<\/div>\n\t<\/div>\n<\/div><\/div>[\/vc_column_inner][\/vc_row_inner][\/vc_column][\/vc_row][vc_row row_content_width=&#8221;grid&#8221; css=&#8221;.vc_custom_1490865294918{padding-bottom: 42px !important;}&#8221;][vc_column width=&#8221;1\/2&#8243; offset=&#8221;vc_col-lg-3 vc_col-md-3&#8243;][vc_single_image image=&#8221;11873&#8243; img_size=&#8221;full&#8221;][vc_empty_space height=&#8221;50px&#8221;][\/vc_column][vc_column width=&#8221;1\/2&#8243; offset=&#8221;vc_col-lg-3 vc_col-md-3&#8243;][vc_single_image image=&#8221;11874&#8243; img_size=&#8221;full&#8221;][vc_empty_space height=&#8221;50px&#8221;][\/vc_column][vc_column width=&#8221;1\/2&#8243; offset=&#8221;vc_col-lg-3 vc_col-md-3&#8243;][vc_single_image image=&#8221;11872&#8243; img_size=&#8221;full&#8221;][vc_empty_space height=&#8221;50px&#8221;][\/vc_column][vc_column width=&#8221;1\/2&#8243; offset=&#8221;vc_col-lg-3 vc_col-md-3&#8243;][vc_single_image image=&#8221;11867&#8243; img_size=&#8221;full&#8221;][vc_empty_space height=&#8221;50px&#8221;][\/vc_column][\/vc_row][vc_row disable_element=&#8221;yes&#8221; row_content_width=&#8221;grid&#8221; css=&#8221;.vc_custom_1604353941648{padding-top: 16px !important;padding-right: 0px !important;padding-bottom: 77px !important;padding-left: 0px !important;}&#8221;][vc_column]<div class=\"edgtf-elements-holder edgtf-two-columns edgtf-responsive-mode-1024\" ><div class=\"edgtf-eh-item \"  data-item-class=\"edgtf-eh-custom-776726\" data-1280-1600=\"35px 12% 70px 0%\" data-1024-1280=\"44px 12% 70px 0%\" data-768-1024=\"33px 12% 131px 0%\" data-480-600=\"45px 0% 140px 0%\" data-480=\"45px 0% 140px 0%\">\n\t<div class=\"edgtf-eh-item-inner\">\n\t\t<div class=\"edgtf-eh-item-content edgtf-eh-custom-776726\" style=\"padding: 45px 12% 70px 0%\">\n\t\t\t<div class=\"edgtf-section-title-holder\" >\n\t\t\t\t\t<h2 class=\"edgtf-st-title\" style=\"color: #303030;font-weight: 600\">\n\t\t\t<span>GET IN TOUCH<\/span>\n\t\t<\/h2>\n\t\t\t\t<p class=\"edgtf-st-text\" style=\"color: #666666;font-size: 16.05px;line-height: 30.09px;font-weight: 300;margin-top: 26px\">Lorem ipsum dolor sit amet, consectetuer adipiscing elit, sed tincidunt ut laoreet dolore magna aliquam erat volutpat lorem<\/p>\n\t<\/div>[vc_empty_space height=&#8221;16px&#8221;][vc_column_text]<span style=\"color: #666666; font-size: 14px; line-height: 27px; font-weight: 300;\">Edge Themes give you everything you need to create an amazing website. Designed and built with care, filled with creative elements and useful options, and completely user-friendly. Set up your website quickly and with ease.Tons of shortcodes provide.<\/span>[\/vc_column_text][vc_empty_space height=&#8221;42px&#8221;]<a itemprop=\"url\" href=\"#\" target=\"_blank\" style=\"color: #ffffff;background-color: #333333;margin: 0 3% 17px 0\" class=\"edgtf-btn edgtf-btn-medium edgtf-btn-solid\"  >\n    <span class=\"edgtf-btn-text\">Check out<\/span>\n    <\/a><a itemprop=\"url\" href=\"#\" target=\"_blank\" style=\"color: #333333;background-color: #ffffff;border-color: #cccccc;margin: 0 0 17px 0\" class=\"edgtf-btn edgtf-btn-medium edgtf-btn-solid\"  >\n    <span class=\"edgtf-btn-text\">Read more<\/span>\n    <\/a>\t\t<\/div>\n\t<\/div>\n<\/div><div class=\"edgtf-eh-item \"  data-item-class=\"edgtf-eh-custom-638081\" data-768-1024=\"5px 0% 54px 0\" data-480-600=\"5px 0% 65px 0\" data-480=\"5px 0% 65px 0\">\n\t<div class=\"edgtf-eh-item-inner\">\n\t\t<div class=\"edgtf-eh-item-content edgtf-eh-custom-638081\" style=\"padding: 5px 0% 0 0\">\n\t\t\t<div class=\"edgtf-google-map-holder\">\n\t<div class=\"edgtf-google-map\" id=\"edgtf-map-425215\" data-addresses='[\"1 Austin Terrace, Toronto, ON M5R 1X8,\"]' data-custom-map-style=yes data-color-overlay=#393939 data-saturation=-100 data-lightness=50 data-zoom=12 data-pin=https:\/\/www.boulangerieamaretti.com\/wp-content\/uploads\/2017\/03\/pin.png data-unique-id=425215 data-scroll-wheel=no data-height=390 data-location-map=yes   ><\/div>\n\t\t\t<div class=\"edgtf-google-map-overlay\"><\/div>\n\t<\/div>\n\t\t<\/div>\n\t<\/div>\n<\/div><\/div>[\/vc_column][\/vc_row]<\/p>\n<\/div>","protected":false},"excerpt":{"rendered":"<p>[vc_row css=&#8221;.vc_custom_1488536699571{padding-top: 70px !important;padding-bottom: 6px !important;}&#8221;][vc_column][vc_row_inner row_content_width=&#8221;grid&#8221;][vc_column_inner offset=&#8221;vc_col-lg-6 vc_col-md-12&#8243;][\/vc_column_inner][vc_column_inner offset=&#8221;vc_col-lg-6 vc_col-md-12 vc_col-xs-12&#8243;][\/vc_column_inner][\/vc_row_inner][\/vc_column][\/vc_row][vc_row row_content_width=&#8221;grid&#8221; css=&#8221;.vc_custom_1490865294918{padding-bottom: 42px !important;}&#8221;][vc_column width=&#8221;1\/2&#8243; offset=&#8221;vc_col-lg-3 vc_col-md-3&#8243;][vc_single_image image=&#8221;11873&#8243; img_size=&#8221;full&#8221;][vc_empty_space height=&#8221;50px&#8221;][\/vc_column][vc_column width=&#8221;1\/2&#8243; offset=&#8221;vc_col-lg-3 vc_col-md-3&#8243;][vc_single_image image=&#8221;11874&#8243; img_size=&#8221;full&#8221;][vc_empty_space height=&#8221;50px&#8221;][\/vc_column][vc_column width=&#8221;1\/2&#8243; offset=&#8221;vc_col-lg-3 vc_col-md-3&#8243;][vc_single_image image=&#8221;11872&#8243; img_size=&#8221;full&#8221;][vc_empty_space height=&#8221;50px&#8221;][\/vc_column][vc_column width=&#8221;1\/2&#8243; offset=&#8221;vc_col-lg-3 vc_col-md-3&#8243;][vc_single_image image=&#8221;11867&#8243; img_size=&#8221;full&#8221;][vc_empty_space height=&#8221;50px&#8221;][\/vc_column][\/vc_row][vc_row [&hellip;]<\/p>\n","protected":false},"author":1,"featured_media":0,"parent":0,"menu_order":0,"comment_status":"closed","ping_status":"closed","template":"full-width.php","meta":{"om_disable_all_campaigns":false,"pagelayer_contact_templates":[],"_pagelayer_content":"","_monsterinsights_skip_tracking":false,"_monsterinsights_sitenote_active":false,"_monsterinsights_sitenote_note":"","_monsterinsights_sitenote_category":0,"footnotes":""},"class_list":["post-11853","page","type-page","status-publish","hentry"],"yoast_head":"<!-- This site is optimized with the Yoast SEO plugin v27.4 - https:\/\/yoast.com\/product\/yoast-seo-wordpress\/ -->\n<title>\u00c0 propos - Amaretti Boulangerie &amp; Patisserie<\/title>\n<meta name=\"robots\" content=\"index, follow, max-snippet:-1, max-image-preview:large, max-video-preview:-1\" \/>\n<link rel=\"canonical\" href=\"https:\/\/www.boulangerieamaretti.com\/fr\/a-propos\/\" \/>\n<meta property=\"og:locale\" content=\"fr_FR\" \/>\n<meta property=\"og:type\" content=\"article\" \/>\n<meta property=\"og:title\" content=\"\u00c0 propos - Amaretti Boulangerie &amp; Patisserie\" \/>\n<meta property=\"og:description\" content=\"[vc_row css=&#8221;.vc_custom_1488536699571{padding-top: 70px !important;padding-bottom: 6px !important;}&#8221;][vc_column][vc_row_inner row_content_width=&#8221;grid&#8221;][vc_column_inner offset=&#8221;vc_col-lg-6 vc_col-md-12&#8243;][\/vc_column_inner][vc_column_inner offset=&#8221;vc_col-lg-6 vc_col-md-12 vc_col-xs-12&#8243;][\/vc_column_inner][\/vc_row_inner][\/vc_column][\/vc_row][vc_row row_content_width=&#8221;grid&#8221; css=&#8221;.vc_custom_1490865294918{padding-bottom: 42px !important;}&#8221;][vc_column width=&#8221;1\/2&#8243; offset=&#8221;vc_col-lg-3 vc_col-md-3&#8243;][vc_single_image image=&#8221;11873&#8243; img_size=&#8221;full&#8221;][vc_empty_space height=&#8221;50px&#8221;][\/vc_column][vc_column width=&#8221;1\/2&#8243; offset=&#8221;vc_col-lg-3 vc_col-md-3&#8243;][vc_single_image image=&#8221;11874&#8243; img_size=&#8221;full&#8221;][vc_empty_space height=&#8221;50px&#8221;][\/vc_column][vc_column width=&#8221;1\/2&#8243; offset=&#8221;vc_col-lg-3 vc_col-md-3&#8243;][vc_single_image image=&#8221;11872&#8243; img_size=&#8221;full&#8221;][vc_empty_space height=&#8221;50px&#8221;][\/vc_column][vc_column width=&#8221;1\/2&#8243; offset=&#8221;vc_col-lg-3 vc_col-md-3&#8243;][vc_single_image image=&#8221;11867&#8243; img_size=&#8221;full&#8221;][vc_empty_space height=&#8221;50px&#8221;][\/vc_column][\/vc_row][vc_row [&hellip;]\" \/>\n<meta property=\"og:url\" content=\"https:\/\/www.boulangerieamaretti.com\/fr\/a-propos\/\" \/>\n<meta property=\"og:site_name\" content=\"Amaretti Boulangerie &amp; Patisserie\" \/>\n<meta property=\"article:modified_time\" content=\"2020-11-16T17:42:38+00:00\" \/>\n<meta name=\"twitter:card\" content=\"summary_large_image\" \/>\n<meta name=\"twitter:label1\" content=\"Est. reading time\" \/>\n\t<meta name=\"twitter:data1\" content=\"4 minutes\" \/>\n<script type=\"application\/ld+json\" class=\"yoast-schema-graph\">{\"@context\":\"https:\\\/\\\/schema.org\",\"@graph\":[{\"@type\":\"WebPage\",\"@id\":\"https:\\\/\\\/www.boulangerieamaretti.com\\\/fr\\\/a-propos\\\/\",\"url\":\"https:\\\/\\\/www.boulangerieamaretti.com\\\/fr\\\/a-propos\\\/\",\"name\":\"\u00c0 propos - Amaretti Boulangerie &amp; Patisserie\",\"isPartOf\":{\"@id\":\"https:\\\/\\\/www.boulangerieamaretti.com\\\/fr\\\/#website\"},\"datePublished\":\"2020-11-15T17:47:05+00:00\",\"dateModified\":\"2020-11-16T17:42:38+00:00\",\"breadcrumb\":{\"@id\":\"https:\\\/\\\/www.boulangerieamaretti.com\\\/fr\\\/a-propos\\\/#breadcrumb\"},\"inLanguage\":\"fr-FR\",\"potentialAction\":[{\"@type\":\"ReadAction\",\"target\":[\"https:\\\/\\\/www.boulangerieamaretti.com\\\/fr\\\/a-propos\\\/\"]}]},{\"@type\":\"BreadcrumbList\",\"@id\":\"https:\\\/\\\/www.boulangerieamaretti.com\\\/fr\\\/a-propos\\\/#breadcrumb\",\"itemListElement\":[{\"@type\":\"ListItem\",\"position\":1,\"name\":\"Home\",\"item\":\"https:\\\/\\\/www.boulangerieamaretti.com\\\/fr\\\/\"},{\"@type\":\"ListItem\",\"position\":2,\"name\":\"\u00c0 propos\"}]},{\"@type\":\"WebSite\",\"@id\":\"https:\\\/\\\/www.boulangerieamaretti.com\\\/fr\\\/#website\",\"url\":\"https:\\\/\\\/www.boulangerieamaretti.com\\\/fr\\\/\",\"name\":\"Amaretti Boulangerie &amp; Patisserie\",\"description\":\"Amaretti Boulangerie &amp; Patisserie | Montreal Pastries | Desserts | Cakes | Catering | Charcuterie\",\"potentialAction\":[{\"@type\":\"SearchAction\",\"target\":{\"@type\":\"EntryPoint\",\"urlTemplate\":\"https:\\\/\\\/www.boulangerieamaretti.com\\\/fr\\\/?s={search_term_string}\"},\"query-input\":{\"@type\":\"PropertyValueSpecification\",\"valueRequired\":true,\"valueName\":\"search_term_string\"}}],\"inLanguage\":\"fr-FR\"}]}<\/script>\n<!-- \/ Yoast SEO plugin. -->","yoast_head_json":{"title":"\u00c0 propos - Amaretti Boulangerie &amp; Patisserie","robots":{"index":"index","follow":"follow","max-snippet":"max-snippet:-1","max-image-preview":"max-image-preview:large","max-video-preview":"max-video-preview:-1"},"canonical":"https:\/\/www.boulangerieamaretti.com\/fr\/a-propos\/","og_locale":"fr_FR","og_type":"article","og_title":"\u00c0 propos - Amaretti Boulangerie &amp; Patisserie","og_description":"[vc_row css=&#8221;.vc_custom_1488536699571{padding-top: 70px !important;padding-bottom: 6px !important;}&#8221;][vc_column][vc_row_inner row_content_width=&#8221;grid&#8221;][vc_column_inner offset=&#8221;vc_col-lg-6 vc_col-md-12&#8243;][\/vc_column_inner][vc_column_inner offset=&#8221;vc_col-lg-6 vc_col-md-12 vc_col-xs-12&#8243;][\/vc_column_inner][\/vc_row_inner][\/vc_column][\/vc_row][vc_row row_content_width=&#8221;grid&#8221; css=&#8221;.vc_custom_1490865294918{padding-bottom: 42px !important;}&#8221;][vc_column width=&#8221;1\/2&#8243; offset=&#8221;vc_col-lg-3 vc_col-md-3&#8243;][vc_single_image image=&#8221;11873&#8243; img_size=&#8221;full&#8221;][vc_empty_space height=&#8221;50px&#8221;][\/vc_column][vc_column width=&#8221;1\/2&#8243; offset=&#8221;vc_col-lg-3 vc_col-md-3&#8243;][vc_single_image image=&#8221;11874&#8243; img_size=&#8221;full&#8221;][vc_empty_space height=&#8221;50px&#8221;][\/vc_column][vc_column width=&#8221;1\/2&#8243; offset=&#8221;vc_col-lg-3 vc_col-md-3&#8243;][vc_single_image image=&#8221;11872&#8243; img_size=&#8221;full&#8221;][vc_empty_space height=&#8221;50px&#8221;][\/vc_column][vc_column width=&#8221;1\/2&#8243; offset=&#8221;vc_col-lg-3 vc_col-md-3&#8243;][vc_single_image image=&#8221;11867&#8243; img_size=&#8221;full&#8221;][vc_empty_space height=&#8221;50px&#8221;][\/vc_column][\/vc_row][vc_row [&hellip;]","og_url":"https:\/\/www.boulangerieamaretti.com\/fr\/a-propos\/","og_site_name":"Amaretti Boulangerie &amp; Patisserie","article_modified_time":"2020-11-16T17:42:38+00:00","twitter_card":"summary_large_image","twitter_misc":{"Est. reading time":"4 minutes"},"schema":{"@context":"https:\/\/schema.org","@graph":[{"@type":"WebPage","@id":"https:\/\/www.boulangerieamaretti.com\/fr\/a-propos\/","url":"https:\/\/www.boulangerieamaretti.com\/fr\/a-propos\/","name":"\u00c0 propos - Amaretti Boulangerie &amp; Patisserie","isPartOf":{"@id":"https:\/\/www.boulangerieamaretti.com\/fr\/#website"},"datePublished":"2020-11-15T17:47:05+00:00","dateModified":"2020-11-16T17:42:38+00:00","breadcrumb":{"@id":"https:\/\/www.boulangerieamaretti.com\/fr\/a-propos\/#breadcrumb"},"inLanguage":"fr-FR","potentialAction":[{"@type":"ReadAction","target":["https:\/\/www.boulangerieamaretti.com\/fr\/a-propos\/"]}]},{"@type":"BreadcrumbList","@id":"https:\/\/www.boulangerieamaretti.com\/fr\/a-propos\/#breadcrumb","itemListElement":[{"@type":"ListItem","position":1,"name":"Home","item":"https:\/\/www.boulangerieamaretti.com\/fr\/"},{"@type":"ListItem","position":2,"name":"\u00c0 propos"}]},{"@type":"WebSite","@id":"https:\/\/www.boulangerieamaretti.com\/fr\/#website","url":"https:\/\/www.boulangerieamaretti.com\/fr\/","name":"Amaretti Boulangerie &amp; Patisserie","description":"Amaretti Boulangerie &amp; Patisserie | Montreal Pastries | Desserts | Cakes | Catering | Charcuterie","potentialAction":[{"@type":"SearchAction","target":{"@type":"EntryPoint","urlTemplate":"https:\/\/www.boulangerieamaretti.com\/fr\/?s={search_term_string}"},"query-input":{"@type":"PropertyValueSpecification","valueRequired":true,"valueName":"search_term_string"}}],"inLanguage":"fr-FR"}]}},"_links":{"self":[{"href":"https:\/\/www.boulangerieamaretti.com\/fr\/wp-json\/wp\/v2\/pages\/11853","targetHints":{"allow":["GET"]}}],"collection":[{"href":"https:\/\/www.boulangerieamaretti.com\/fr\/wp-json\/wp\/v2\/pages"}],"about":[{"href":"https:\/\/www.boulangerieamaretti.com\/fr\/wp-json\/wp\/v2\/types\/page"}],"author":[{"embeddable":true,"href":"https:\/\/www.boulangerieamaretti.com\/fr\/wp-json\/wp\/v2\/users\/1"}],"replies":[{"embeddable":true,"href":"https:\/\/www.boulangerieamaretti.com\/fr\/wp-json\/wp\/v2\/comments?post=11853"}],"version-history":[{"count":5,"href":"https:\/\/www.boulangerieamaretti.com\/fr\/wp-json\/wp\/v2\/pages\/11853\/revisions"}],"predecessor-version":[{"id":12113,"href":"https:\/\/www.boulangerieamaretti.com\/fr\/wp-json\/wp\/v2\/pages\/11853\/revisions\/12113"}],"wp:attachment":[{"href":"https:\/\/www.boulangerieamaretti.com\/fr\/wp-json\/wp\/v2\/media?parent=11853"}],"curies":[{"name":"wp","href":"https:\/\/api.w.org\/{rel}","templated":true}]}}